{"id":213,"date":"2021-06-04T07:33:02","date_gmt":"2021-06-04T07:33:02","guid":{"rendered":"https:\/\/solvillan.fi\/?page_id=213"},"modified":"2022-02-04T12:47:43","modified_gmt":"2022-02-04T12:47:43","slug":"huoneemme","status":"publish","type":"page","link":"https:\/\/solvillan.fi\/en\/huoneemme\/","title":{"rendered":"The rooms"},"content":{"rendered":"","protected":false},"excerpt":{"rendered":"","protected":false},"author":1,"featured_media":0,"parent":0,"menu_order":0,"comment_status":"closed","ping_status":"closed","template":"","meta":{"_acf_changed":false,"_seopress_robots_primary_cat":"","_seopress_titles_title":"%%sitetitle%% B&amp;B Korppoossa %%sep%% V\u00e4rikk\u00e4\u00e4t retro huoneemme ","_seopress_titles_desc":"Tule viihtym\u00e4\u00e4n luoksemme ja nauttimaan v\u00e4rikk\u00e4\u00e4st\u00e4 retrotunnelmasta. Majatalomme sijaitsee l\u00e4hell\u00e4 Korppoon palveluita ja Galtbyn satamaa.","_seopress_robots_index":"","footnotes":""},"class_list":["post-213","page","type-page","status-publish","hentry"],"acf":[],"_links":{"self":[{"href":"https:\/\/solvillan.fi\/en\/wp-json\/wp\/v2\/pages\/213","targetHints":{"allow":["GET"]}}],"collection":[{"href":"https:\/\/solvillan.fi\/en\/wp-json\/wp\/v2\/pages"}],"about":[{"href":"https:\/\/solvillan.fi\/en\/wp-json\/wp\/v2\/types\/page"}],"author":[{"embeddable":true,"href":"https:\/\/solvillan.fi\/en\/wp-json\/wp\/v2\/users\/1"}],"replies":[{"embeddable":true,"href":"https:\/\/solvillan.fi\/en\/wp-json\/wp\/v2\/comments?post=213"}],"version-history":[{"count":0,"href":"https:\/\/solvillan.fi\/en\/wp-json\/wp\/v2\/pages\/213\/revisions"}],"wp:attachment":[{"href":"https:\/\/solvillan.fi\/en\/wp-json\/wp\/v2\/media?parent=213"}],"curies":[{"name":"wp","href":"https:\/\/api.w.org\/{rel}","templated":true}]}}