{"id":160,"date":"2021-05-17T11:50:41","date_gmt":"2021-05-17T11:50:41","guid":{"rendered":"https:\/\/solvillan.fi\/?page_id=160"},"modified":"2022-02-04T12:46:42","modified_gmt":"2022-02-04T12:46:42","slug":"tekemista-ja-nakemista","status":"publish","type":"page","link":"https:\/\/solvillan.fi\/sv\/tekemista-ja-nakemista\/","title":{"rendered":"Att se och G\u00f6ra"},"content":{"rendered":"","protected":false},"excerpt":{"rendered":"","protected":false},"author":1,"featured_media":0,"parent":0,"menu_order":0,"comment_status":"closed","ping_status":"closed","template":"","meta":{"_acf_changed":false,"_seopress_robots_primary_cat":"","_seopress_titles_title":"%%sitetitle%% B&amp;B Korppoossa %%sep%% Tekemist\u00e4 Korppoossa","_seopress_titles_desc":"Korppoosta l\u00f6yd\u00e4t yll\u00e4tt\u00e4v\u00e4n paljon tekemist\u00e4 ja n\u00e4kemist\u00e4. Hyvi\u00e4 ravintoloita ja kauniita maisemia. Tutustu saareen ja ihastu! ","_seopress_robots_index":"","footnotes":""},"class_list":["post-160","page","type-page","status-publish","hentry"],"acf":[],"_links":{"self":[{"href":"https:\/\/solvillan.fi\/sv\/wp-json\/wp\/v2\/pages\/160","targetHints":{"allow":["GET"]}}],"collection":[{"href":"https:\/\/solvillan.fi\/sv\/wp-json\/wp\/v2\/pages"}],"about":[{"href":"https:\/\/solvillan.fi\/sv\/wp-json\/wp\/v2\/types\/page"}],"author":[{"embeddable":true,"href":"https:\/\/solvillan.fi\/sv\/wp-json\/wp\/v2\/users\/1"}],"replies":[{"embeddable":true,"href":"https:\/\/solvillan.fi\/sv\/wp-json\/wp\/v2\/comments?post=160"}],"version-history":[{"count":0,"href":"https:\/\/solvillan.fi\/sv\/wp-json\/wp\/v2\/pages\/160\/revisions"}],"wp:attachment":[{"href":"https:\/\/solvillan.fi\/sv\/wp-json\/wp\/v2\/media?parent=160"}],"curies":[{"name":"wp","href":"https:\/\/api.w.org\/{rel}","templated":true}]}}